{"id":24973,"date":"2020-12-27T08:23:10","date_gmt":"2020-12-27T08:23:10","guid":{"rendered":"http:\/\/fitisitbypetra.hr\/pravila-privatnosti\/"},"modified":"2024-10-24T14:36:22","modified_gmt":"2024-10-24T14:36:22","slug":"datenschutzrichtlinie","status":"publish","type":"page","link":"https:\/\/fitisitbypetra.hr\/de\/datenschutzrichtlinie\/","title":{"rendered":"Datenschutzrichtlinie"},"content":{"rendered":"\t\t<div data-elementor-type=\"wp-page\" data-elementor-id=\"24973\" class=\"elementor elementor-24973 elementor-12954\" data-elementor-post-type=\"page\">\n\t\t\t\t\t\t<section class=\"elementor-section elementor-top-section elementor-element elementor-element-2b1184b0 elementor-section-boxed elementor-section-height-default elementor-section-height-default sc_fly_static\" data-id=\"2b1184b0\" data-element_type=\"section\" data-e-type=\"section\" data-settings=\"{&quot;background_background&quot;:&quot;classic&quot;}\">\n\t\t\t\t\t\t<div class=\"elementor-container elementor-column-gap-extended\">\n\t\t\t\t\t<div class=\"elementor-column elementor-col-100 elementor-top-column elementor-element elementor-element-153e1c19 sc_inner_width_none sc_content_align_inherit sc_layouts_column_icons_position_left sc_fly_static\" data-id=\"153e1c19\" data-element_type=\"column\" data-e-type=\"column\">\n\t\t\t<div class=\"elementor-widget-wrap elementor-element-populated\">\n\t\t\t\t\t\t<div class=\"elementor-element elementor-element-54db29de sc_fly_static elementor-widget elementor-widget-text-editor\" data-id=\"54db29de\" data-element_type=\"widget\" data-e-type=\"widget\" data-widget_type=\"text-editor.default\">\n\t\t\t\t<div class=\"elementor-widget-container\">\n\t\t\t\t\t\t\t\t\t<p>Willkommen auf der Website von \u201eFit &amp; \u201eSetz dich zu Petra\u201c. Ihre Privatske ist uns wichtig und wir begr\u00fcnden uns, Ihre pers\u00f6nlichen Daten zu sch\u00fctzen und zu sch\u00fctzen. Bitte lesen Sie diese Datenschutzrichtlinie unbedingt durch, um zu verstehen, wie wir Ihre Daten erfassen, verwenden und sch\u00fctzen.<\/p><ol><li><strong>Ehrhebung personzionaler Daten<\/strong>Wenn Sie unsere Website besuchen, erfassen wir m\u00f6glicherweise bestimmte personenbezogene Daten, einschlie\u00dflich Ihres Namens, Ihrer E-Mail-Adresse und anderer Informationen, die Sie uns freiwillig \u00fcber Formulare oder Mitteilungen mit uns zur Verf\u00fcgung stellen.<\/li><li><strong>Verwendung personenbezogener Daten<\/strong>Die von uns erhobenen personenbezogenen Daten werden ausschlie\u00dflich zur Erbringung der von uns auf der Website \u201eFit &amp; Sit by Petra\u201c angebotenen Leistungen verwendet. Dazu geh\u00f6rt das Versenden von Informationen \u00fcber unsere Dienstleistungen, die Beantwortung von Anfragen und andere Aktivit\u00e4ten im Zusammenhang mit Ihren Anfragen.<\/li><li><strong>Datensicherheit<\/strong>Ihre Sicherheit ist unsere Priorit\u00e4t. Wir ergreifen angemessene Ma\u00dfnahmen, um personenbezogene Daten vor Verlust, Missbrauch, unbefugtem Zugriff oder Offenlegung zu sch\u00fctzen.<\/li><li><strong>Erhebung anonymer Daten<\/strong>Wir erfassen m\u00f6glicherweise auch anonyme Informationen \u00fcber Besucher unserer Website, wie z. B. Browserinformationen, IP-Adresse und \u00c4hnliches. Diese Daten werden zur Analyse des Nutzerverhaltens und zur Verbesserung unserer Dienste verwendet.<\/li><li><strong>Cookies<\/strong>Unsere Website verwendet m\u00f6glicherweise Cookies, um Ihr Surferlebnis zu verbessern. Sie k\u00f6nnen Ihren Browser so konfigurieren, dass er Cookies blockiert oder Sie benachrichtigt, wenn Cookies gesendet werden.<\/li><li><strong>Links zu anderen Websites<\/strong>Unsere Website kann Links zu anderen Websites enthalten. Diese Datenschutzrichtlinie gilt nur f\u00fcr unsere Website. Wir empfehlen Ihnen daher, die Datenschutzrichtlinien anderer Websites, die Sie besuchen, zu lesen.<\/li><li><strong>Recht auf Zugang und Berichtigung<\/strong>Sie haben das Recht, Zugang zu Ihren von uns gespeicherten personenbezogenen Daten zu verlangen und diese zu korrigieren, wenn sie falsch oder veraltet sind.<\/li><li><strong>\u00c4nderungen in der Datenschutzrichtlinie<\/strong>Diese Datenschutzrichtlinie kann sich von Zeit zu Zeit \u00e4ndern. Eventuelle \u00c4nderungen werden auf dieser Website ver\u00f6ffentlicht.<\/li><\/ol><p>Wenn Sie Fragen oder Bedenken zu unserer Datenschutzrichtlinie oder zur Verarbeitung Ihrer personenbezogenen Daten haben, k\u00f6nnen Sie uns gerne unter <a href=\"mailto:fitsbypetra@gmail.com\">fitsbypetra@gmail.com<\/a> kontaktieren.<\/p><p>Vielen Dank f\u00fcr Ihren Besuch bei \u201eFit &amp; Sit by Petra\u201c!<\/p>\t\t\t\t\t\t\t\t<\/div>\n\t\t\t\t<\/div>\n\t\t\t\t\t<\/div>\n\t\t<\/div>\n\t\t\t\t\t<\/div>\n\t\t<\/section>\n\t\t\t\t<\/div>\n\t\t","protected":false},"excerpt":{"rendered":"<p>Willkommen auf der Website von \u201eFit &amp; \u201eSetz dich zu Petra\u201c. Ihre Privatske ist uns wichtig und wir begr\u00fcnden uns, Ihre pers\u00f6nlichen Daten zu sch\u00fctzen und zu sch\u00fctzen. Bitte lesen&hellip;<\/p>\n","protected":false},"author":1,"featured_media":0,"parent":0,"menu_order":0,"comment_status":"closed","ping_status":"closed","template":"","meta":{"footnotes":""},"class_list":["post-24973","page","type-page","status-publish","hentry"],"yoast_head":"<!-- This site is optimized with the Yoast SEO plugin v23.8 - https:\/\/yoast.com\/wordpress\/plugins\/seo\/ -->\n<title>Datenschutzrichtlinie - FIT &amp; SIT BY PETRA<\/title>\n<meta name=\"robots\" content=\"noindex, nofollow\" \/>\n<meta property=\"og:locale\" content=\"de_DE\" \/>\n<meta property=\"og:type\" content=\"article\" \/>\n<meta property=\"og:title\" content=\"Datenschutzrichtlinie - FIT &amp; SIT BY PETRA\" \/>\n<meta property=\"og:description\" content=\"Willkommen auf der Website von \u201eFit &amp; \u201eSetz dich zu Petra\u201c. Ihre Privatske ist uns wichtig und wir begr\u00fcnden uns, Ihre pers\u00f6nlichen Daten zu sch\u00fctzen und zu sch\u00fctzen. Bitte lesen&hellip;\" \/>\n<meta property=\"og:url\" content=\"https:\/\/fitisitbypetra.hr\/de\/datenschutzrichtlinie\/\" \/>\n<meta property=\"og:site_name\" content=\"FIT &amp; SIT BY PETRA\" \/>\n<meta property=\"article:modified_time\" content=\"2024-10-24T14:36:22+00:00\" \/>\n<meta name=\"twitter:card\" content=\"summary_large_image\" \/>\n<meta name=\"twitter:label1\" content=\"Gesch\u00e4tzte Lesezeit\" \/>\n\t<meta name=\"twitter:data1\" content=\"2\u00a0Minuten\" \/>\n<script type=\"application\/ld+json\" class=\"yoast-schema-graph\">{\"@context\":\"https:\/\/schema.org\",\"@graph\":[{\"@type\":\"WebPage\",\"@id\":\"https:\/\/fitisitbypetra.hr\/de\/datenschutzrichtlinie\/\",\"url\":\"https:\/\/fitisitbypetra.hr\/de\/datenschutzrichtlinie\/\",\"name\":\"Datenschutzrichtlinie - FIT &amp; SIT BY PETRA\",\"isPartOf\":{\"@id\":\"https:\/\/fitisitbypetra.hr\/#website\"},\"datePublished\":\"2020-12-27T08:23:10+00:00\",\"dateModified\":\"2024-10-24T14:36:22+00:00\",\"breadcrumb\":{\"@id\":\"https:\/\/fitisitbypetra.hr\/de\/datenschutzrichtlinie\/#breadcrumb\"},\"inLanguage\":\"de\",\"potentialAction\":[{\"@type\":\"ReadAction\",\"target\":[\"https:\/\/fitisitbypetra.hr\/de\/datenschutzrichtlinie\/\"]}]},{\"@type\":\"BreadcrumbList\",\"@id\":\"https:\/\/fitisitbypetra.hr\/de\/datenschutzrichtlinie\/#breadcrumb\",\"itemListElement\":[{\"@type\":\"ListItem\",\"position\":1,\"name\":\"Po\u010detna stranica\",\"item\":\"https:\/\/fitisitbypetra.hr\/de\/\"},{\"@type\":\"ListItem\",\"position\":2,\"name\":\"Datenschutzrichtlinie\"}]},{\"@type\":\"WebSite\",\"@id\":\"https:\/\/fitisitbypetra.hr\/#website\",\"url\":\"https:\/\/fitisitbypetra.hr\/\",\"name\":\"FIT &amp; SIT BY PETRA\",\"description\":\"\",\"publisher\":{\"@id\":\"https:\/\/fitisitbypetra.hr\/#organization\"},\"potentialAction\":[{\"@type\":\"SearchAction\",\"target\":{\"@type\":\"EntryPoint\",\"urlTemplate\":\"https:\/\/fitisitbypetra.hr\/?s={search_term_string}\"},\"query-input\":{\"@type\":\"PropertyValueSpecification\",\"valueRequired\":true,\"valueName\":\"search_term_string\"}}],\"inLanguage\":\"de\"},{\"@type\":\"Organization\",\"@id\":\"https:\/\/fitisitbypetra.hr\/#organization\",\"name\":\"FIT &amp; SIT BY PETRA\",\"url\":\"https:\/\/fitisitbypetra.hr\/\",\"logo\":{\"@type\":\"ImageObject\",\"inLanguage\":\"de\",\"@id\":\"https:\/\/fitisitbypetra.hr\/#\/schema\/logo\/image\/\",\"url\":\"https:\/\/fitisitbypetra.hr\/wp-content\/uploads\/2021\/01\/cropped-e0883bab2aad4f03f187fbfa23f73e228fe97508.png\",\"contentUrl\":\"https:\/\/fitisitbypetra.hr\/wp-content\/uploads\/2021\/01\/cropped-e0883bab2aad4f03f187fbfa23f73e228fe97508.png\",\"width\":246,\"height\":245,\"caption\":\"FIT &amp; SIT BY PETRA\"},\"image\":{\"@id\":\"https:\/\/fitisitbypetra.hr\/#\/schema\/logo\/image\/\"}}]}<\/script>\n<!-- \/ Yoast SEO plugin. -->","yoast_head_json":{"title":"Datenschutzrichtlinie - FIT &amp; SIT BY PETRA","robots":{"index":"noindex","follow":"nofollow"},"og_locale":"de_DE","og_type":"article","og_title":"Datenschutzrichtlinie - FIT &amp; SIT BY PETRA","og_description":"Willkommen auf der Website von \u201eFit &amp; \u201eSetz dich zu Petra\u201c. Ihre Privatske ist uns wichtig und wir begr\u00fcnden uns, Ihre pers\u00f6nlichen Daten zu sch\u00fctzen und zu sch\u00fctzen. Bitte lesen&hellip;","og_url":"https:\/\/fitisitbypetra.hr\/de\/datenschutzrichtlinie\/","og_site_name":"FIT &amp; SIT BY PETRA","article_modified_time":"2024-10-24T14:36:22+00:00","twitter_card":"summary_large_image","twitter_misc":{"Gesch\u00e4tzte Lesezeit":"2\u00a0Minuten"},"schema":{"@context":"https:\/\/schema.org","@graph":[{"@type":"WebPage","@id":"https:\/\/fitisitbypetra.hr\/de\/datenschutzrichtlinie\/","url":"https:\/\/fitisitbypetra.hr\/de\/datenschutzrichtlinie\/","name":"Datenschutzrichtlinie - FIT &amp; SIT BY PETRA","isPartOf":{"@id":"https:\/\/fitisitbypetra.hr\/#website"},"datePublished":"2020-12-27T08:23:10+00:00","dateModified":"2024-10-24T14:36:22+00:00","breadcrumb":{"@id":"https:\/\/fitisitbypetra.hr\/de\/datenschutzrichtlinie\/#breadcrumb"},"inLanguage":"de","potentialAction":[{"@type":"ReadAction","target":["https:\/\/fitisitbypetra.hr\/de\/datenschutzrichtlinie\/"]}]},{"@type":"BreadcrumbList","@id":"https:\/\/fitisitbypetra.hr\/de\/datenschutzrichtlinie\/#breadcrumb","itemListElement":[{"@type":"ListItem","position":1,"name":"Po\u010detna stranica","item":"https:\/\/fitisitbypetra.hr\/de\/"},{"@type":"ListItem","position":2,"name":"Datenschutzrichtlinie"}]},{"@type":"WebSite","@id":"https:\/\/fitisitbypetra.hr\/#website","url":"https:\/\/fitisitbypetra.hr\/","name":"FIT &amp; SIT BY PETRA","description":"","publisher":{"@id":"https:\/\/fitisitbypetra.hr\/#organization"},"potentialAction":[{"@type":"SearchAction","target":{"@type":"EntryPoint","urlTemplate":"https:\/\/fitisitbypetra.hr\/?s={search_term_string}"},"query-input":{"@type":"PropertyValueSpecification","valueRequired":true,"valueName":"search_term_string"}}],"inLanguage":"de"},{"@type":"Organization","@id":"https:\/\/fitisitbypetra.hr\/#organization","name":"FIT &amp; SIT BY PETRA","url":"https:\/\/fitisitbypetra.hr\/","logo":{"@type":"ImageObject","inLanguage":"de","@id":"https:\/\/fitisitbypetra.hr\/#\/schema\/logo\/image\/","url":"https:\/\/fitisitbypetra.hr\/wp-content\/uploads\/2021\/01\/cropped-e0883bab2aad4f03f187fbfa23f73e228fe97508.png","contentUrl":"https:\/\/fitisitbypetra.hr\/wp-content\/uploads\/2021\/01\/cropped-e0883bab2aad4f03f187fbfa23f73e228fe97508.png","width":246,"height":245,"caption":"FIT &amp; SIT BY PETRA"},"image":{"@id":"https:\/\/fitisitbypetra.hr\/#\/schema\/logo\/image\/"}}]}},"_links":{"self":[{"href":"https:\/\/fitisitbypetra.hr\/de\/wp-json\/wp\/v2\/pages\/24973"}],"collection":[{"href":"https:\/\/fitisitbypetra.hr\/de\/wp-json\/wp\/v2\/pages"}],"about":[{"href":"https:\/\/fitisitbypetra.hr\/de\/wp-json\/wp\/v2\/types\/page"}],"author":[{"embeddable":true,"href":"https:\/\/fitisitbypetra.hr\/de\/wp-json\/wp\/v2\/users\/1"}],"replies":[{"embeddable":true,"href":"https:\/\/fitisitbypetra.hr\/de\/wp-json\/wp\/v2\/comments?post=24973"}],"version-history":[{"count":1,"href":"https:\/\/fitisitbypetra.hr\/de\/wp-json\/wp\/v2\/pages\/24973\/revisions"}],"predecessor-version":[{"id":27217,"href":"https:\/\/fitisitbypetra.hr\/de\/wp-json\/wp\/v2\/pages\/24973\/revisions\/27217"}],"wp:attachment":[{"href":"https:\/\/fitisitbypetra.hr\/de\/wp-json\/wp\/v2\/media?parent=24973"}],"curies":[{"name":"wp","href":"https:\/\/api.w.org\/{rel}","templated":true}]}}