{"id":23694,"date":"2022-06-13T15:59:20","date_gmt":"2022-06-13T15:59:20","guid":{"rendered":"http:\/\/fitisitbypetra.hr\/my-account\/"},"modified":"2024-10-24T14:40:35","modified_gmt":"2024-10-24T14:40:35","slug":"my-account","status":"publish","type":"page","link":"https:\/\/fitisitbypetra.hr\/de\/my-account\/","title":{"rendered":"Mein Konto"},"content":{"rendered":"\t\t<div data-elementor-type=\"wp-page\" data-elementor-id=\"23694\" class=\"elementor elementor-23694 elementor-17853\" data-elementor-post-type=\"page\">\n\t\t\t\t\t\t<section class=\"elementor-section elementor-top-section elementor-element elementor-element-9ef0cab elementor-section-boxed elementor-section-height-default elementor-section-height-default sc_fly_static\" data-id=\"9ef0cab\" data-element_type=\"section\" data-e-type=\"section\">\n\t\t\t\t\t\t<div class=\"elementor-container elementor-column-gap-extended\">\n\t\t\t\t\t<div class=\"elementor-column elementor-col-100 elementor-top-column elementor-element elementor-element-503a412 sc_inner_width_none sc_content_align_inherit sc_layouts_column_icons_position_left sc_fly_static\" data-id=\"503a412\" data-element_type=\"column\" data-e-type=\"column\">\n\t\t\t<div class=\"elementor-widget-wrap elementor-element-populated\">\n\t\t\t\t\t\t<div class=\"elementor-element elementor-element-e831b29 elementor-tabs-view-horizontal sc_tabs_icon_position_left sc_fly_static elementor-widget elementor-widget-tabs\" data-id=\"e831b29\" data-element_type=\"widget\" data-e-type=\"widget\" data-widget_type=\"tabs.default\">\n\t\t\t\t<div class=\"elementor-widget-container\">\n\t\t\t\t\t<style id=\"elementor-post-20033\">.elementor-20033 .elementor-element.elementor-element-2d59762 .trx_addons_bg_text{z-index:0;}.elementor-20033 .elementor-element.elementor-element-2d59762 .trx_addons_bg_text.trx_addons_marquee_wrap .trx_addons_marquee_element{padding-right:50px;}.elementor-20033 .elementor-element.elementor-element-87a498a > .elementor-element-populated{margin:3rem 3rem 3rem 3rem;--e-column-margin-right:3rem;--e-column-margin-left:3rem;}.elementor-20033 .elementor-element.elementor-element-b572823 > .elementor-widget-container{padding:20px 0px 20px 0px;}.elementor-20033 .elementor-element.elementor-element-b572823 .elementor-heading-title{color:#FF6262;}.elementor-20033 .elementor-element.elementor-element-3597e62 > .elementor-element-populated{margin:3rem 3rem 3rem 3rem;--e-column-margin-right:3rem;--e-column-margin-left:3rem;}.trx-addons-layout--edit-mode .trx-addons-layout__inner{background-color:var(--theme-color-bg_color);}.trx-addons-layout--single-preview .trx-addons-layout__inner{background-color:var(--theme-color-bg_color);}<\/style><style id=\"elementor-post-20072\">.elementor-20072 .elementor-element.elementor-element-2d59762 .trx_addons_bg_text{z-index:0;}.elementor-20072 .elementor-element.elementor-element-2d59762 .trx_addons_bg_text.trx_addons_marquee_wrap .trx_addons_marquee_element{padding-right:50px;}.elementor-20072 .elementor-element.elementor-element-87a498a > .elementor-element-populated{margin:3rem 3rem 3rem 3rem;--e-column-margin-right:3rem;--e-column-margin-left:3rem;}.trx-addons-layout--edit-mode .trx-addons-layout__inner{background-color:var(--theme-color-bg_color);}.trx-addons-layout--single-preview .trx-addons-layout__inner{background-color:var(--theme-color-bg_color);}<\/style>\t\t<div class=\"elementor-tabs\">\n\t\t\t<div class=\"elementor-tabs-wrapper\" role=\"tablist\" >\n\t\t\t\t\t\t\t\t\t<div id=\"elementor-tab-title-2431\" class=\"elementor-tab-title elementor-tab-desktop-title\" aria-selected=\"true\" data-tab=\"1\" role=\"tab\" tabindex=\"0\" aria-controls=\"elementor-tab-content-2431\" aria-expanded=\"false\">ANWENDUNG<\/div>\n\t\t\t\t\t\t\t\t\t<div id=\"elementor-tab-title-2432\" class=\"elementor-tab-title elementor-tab-desktop-title\" aria-selected=\"false\" data-tab=\"2\" role=\"tab\" tabindex=\"-1\" aria-controls=\"elementor-tab-content-2432\" aria-expanded=\"false\">ANMELDUNG<\/div>\n\t\t\t\t\t\t\t<\/div>\n\t\t\t<div class=\"elementor-tabs-content-wrapper\" role=\"tablist\" aria-orientation=\"vertical\">\n\t\t\t\t\t\t\t\t\t<div class=\"elementor-tab-title elementor-tab-mobile-title\" aria-selected=\"true\" data-tab=\"1\" role=\"tab\" tabindex=\"0\" aria-controls=\"elementor-tab-content-2431\" aria-expanded=\"false\">ANWENDUNG<\/div>\n\t\t\t\t\t<div id=\"elementor-tab-content-2431\" class=\"elementor-tab-content elementor-clearfix\" data-tab=\"1\" role=\"tabpanel\" aria-labelledby=\"elementor-tab-title-2431\" tabindex=\"0\" hidden=\"false\"><div data-elementor-type=\"cpt_layouts\" data-elementor-id=\"20033\" class=\"elementor elementor-20033\" data-elementor-post-type=\"cpt_layouts\">\n\t\t\t\t\t\t<section class=\"elementor-section elementor-top-section elementor-element elementor-element-2d59762 elementor-section-boxed elementor-section-height-default elementor-section-height-default sc_fly_static\" data-id=\"2d59762\" data-element_type=\"section\" data-e-type=\"section\">\n\t\t\t\t\t\t<div class=\"elementor-container elementor-column-gap-extended\">\n\t\t\t\t\t<div class=\"elementor-column elementor-col-50 elementor-top-column elementor-element elementor-element-87a498a sc_inner_width_none sc_content_align_inherit sc_layouts_column_icons_position_left sc_fly_static\" data-id=\"87a498a\" data-element_type=\"column\" data-e-type=\"column\">\n\t\t\t<div class=\"elementor-widget-wrap elementor-element-populated\">\n\t\t\t\t\t\t<div class=\"sc_layouts_item elementor-element elementor-element-b572823 sc_fly_static elementor-widget elementor-widget-heading\" data-id=\"b572823\" data-element_type=\"widget\" data-e-type=\"widget\" id=\"accountmsg\" data-widget_type=\"heading.default\">\n\t\t\t\t<div class=\"elementor-widget-container\">\n\t\t\t\t\t<p class=\"elementor-heading-title elementor-size-default\">Va\u0161 ra\u010dun je stvoren, molimo Vas da se prijavite.<\/p>\t\t\t\t<\/div>\n\t\t\t\t<\/div>\n\t\t\t\t<div class=\"sc_layouts_item elementor-element elementor-element-ea4f8c6 sc_fly_static elementor-widget elementor-widget-shortcode\" data-id=\"ea4f8c6\" data-element_type=\"widget\" data-e-type=\"widget\" data-widget_type=\"shortcode.default\">\n\t\t\t\t<div class=\"elementor-widget-container\">\n\t\t\t\t\t\t\t<div class=\"elementor-shortcode\">            <form name=\"pms_login\" id=\"pms_login\" class=\"pms-form  pms-form-design-wrapper pms-default\" action=\"\" method=\"post\">\n                \n                <p class=\"login-username\">\n                    <label for=\"user_login\">Korisni\u010dko ime ili Email<\/label>\n                    <input type=\"text\" name=\"log\" id=\"user_login\" class=\"input\" value=\"\" size=\"20\" \/>\n                <\/p>\n\n                <p class=\"login-password\">\n                    <label for=\"user_pass\">Passwort<\/label>\n                    <input type=\"password\" name=\"pwd\" id=\"user_pass\" class=\"input\" value=\"\" size=\"20\" \/>\n                <\/p>\n\n                \n                                    <p class=\"login-remember\">\n                        <input name=\"rememberme\" type=\"checkbox\" id=\"rememberme\" value=\"forever\"  \/>\n\n                        <label for=\"rememberme\">\n                            Zapamti me                        <\/label>\n                    <\/p>\n                \n                <p class=\"login-submit\">\n                    <input type=\"submit\" name=\"wp-submit\" id=\"wp-submit\" class=\"button button-primary\" value=\"Prijava\" \/>\n                    <input type=\"hidden\" name=\"redirect_to\" value=\"https:\/\/fitisitbypetra.hr\/de\/my-account\/lost-password\/\" \/>\n                    <input type=\"hidden\" name=\"pms_login_nonce\" value=\"9431380b23\" \/>\n                <\/p>\n\n                <p class=\"login-extra\">\n                    <input type=\"hidden\" name=\"pms_login\" value=\"1\" \/><input type=\"hidden\" name=\"pms_redirect\" value=\"https:\/\/fitisitbypetra.hr\/de\/my-account\/lost-password\/\" \/><a class=\"lostpassword\" href=\"https:\/\/fitisitbypetra.hr\/password-reset\/\">Passwort vergessen?<\/a>                <\/p>\n            <\/form>\n        <\/div>\n\t\t\t\t\t\t<\/div>\n\t\t\t\t<\/div>\n\t\t\t\t<div class=\"sc_layouts_item elementor-element elementor-element-eace157 sc_fly_static elementor-widget elementor-widget-html\" data-id=\"eace157\" data-element_type=\"widget\" data-e-type=\"widget\" data-widget_type=\"html.default\">\n\t\t\t\t<div class=\"elementor-widget-container\">\n\t\t\t\t\t<script>\n    document.addEventListener('DOMContentLoaded', function () {\n  jQuery('#accountmsg').slideUp();\n  var currentLocation = window.location.href;\n  if(currentLocation.includes('?account_created')){\n    jQuery('#accountmsg').slideDown();  \n  }\n}, false);\n<\/script>\t\t\t\t<\/div>\n\t\t\t\t<\/div>\n\t\t\t\t\t<\/div>\n\t\t<\/div>\n\t\t\t\t<div class=\"elementor-column elementor-col-50 elementor-top-column elementor-element elementor-element-3597e62 sc_inner_width_none sc_content_align_inherit sc_layouts_column_icons_position_left sc_fly_static\" data-id=\"3597e62\" data-element_type=\"column\" data-e-type=\"column\">\n\t\t\t<div class=\"elementor-widget-wrap\">\n\t\t\t\t\t\t\t<\/div>\n\t\t<\/div>\n\t\t\t\t\t<\/div>\n\t\t<\/section>\n\t\t\t\t<\/div><\/div>\n\t\t\t\t\t\t\t\t\t<div class=\"elementor-tab-title elementor-tab-mobile-title\" aria-selected=\"false\" data-tab=\"2\" role=\"tab\" tabindex=\"-1\" aria-controls=\"elementor-tab-content-2432\" aria-expanded=\"false\">ANMELDUNG<\/div>\n\t\t\t\t\t<div id=\"elementor-tab-content-2432\" class=\"elementor-tab-content elementor-clearfix\" data-tab=\"2\" role=\"tabpanel\" aria-labelledby=\"elementor-tab-title-2432\" tabindex=\"0\" hidden=\"hidden\"><div data-elementor-type=\"cpt_layouts\" data-elementor-id=\"20072\" class=\"elementor elementor-20072\" data-elementor-post-type=\"cpt_layouts\">\n\t\t\t\t\t\t<section class=\"elementor-section elementor-top-section elementor-element elementor-element-2d59762 elementor-section-boxed elementor-section-height-default elementor-section-height-default sc_fly_static\" data-id=\"2d59762\" data-element_type=\"section\" data-e-type=\"section\">\n\t\t\t\t\t\t<div class=\"elementor-container elementor-column-gap-extended\">\n\t\t\t\t\t<div class=\"elementor-column elementor-col-50 elementor-top-column elementor-element elementor-element-87a498a sc_inner_width_none sc_content_align_inherit sc_layouts_column_icons_position_left sc_fly_static\" data-id=\"87a498a\" data-element_type=\"column\" data-e-type=\"column\">\n\t\t\t<div class=\"elementor-widget-wrap elementor-element-populated\">\n\t\t\t\t\t\t<div class=\"sc_layouts_item elementor-element elementor-element-ea4f8c6 sc_fly_static elementor-widget elementor-widget-shortcode\" data-id=\"ea4f8c6\" data-element_type=\"widget\" data-e-type=\"widget\" data-widget_type=\"shortcode.default\">\n\t\t\t\t<div class=\"elementor-widget-container\">\n\t\t\t\t\t\t\t<div class=\"elementor-shortcode\">[custom_registration_form]<\/div>\n\t\t\t\t\t\t<\/div>\n\t\t\t\t<\/div>\n\t\t\t\t\t<\/div>\n\t\t<\/div>\n\t\t\t\t<div class=\"elementor-column elementor-col-50 elementor-top-column elementor-element elementor-element-b2002e4 sc_inner_width_none sc_content_align_inherit sc_layouts_column_icons_position_left sc_fly_static\" data-id=\"b2002e4\" data-element_type=\"column\" data-e-type=\"column\">\n\t\t\t<div class=\"elementor-widget-wrap\">\n\t\t\t\t\t\t\t<\/div>\n\t\t<\/div>\n\t\t\t\t\t<\/div>\n\t\t<\/section>\n\t\t\t\t<\/div><\/div>\n\t\t\t\t\t\t\t<\/div>\n\t\t<\/div>\n\t\t\t\t\t\t<\/div>\n\t\t\t\t<\/div>\n\t\t\t\t\t<\/div>\n\t\t<\/div>\n\t\t\t\t\t<\/div>\n\t\t<\/section>\n\t\t<div class=\"elementor-element elementor-element-7dd7f2c5 e-flex e-con-boxed sc_inner_width_none sc_layouts_column_icons_position_left e-con e-parent\" data-id=\"7dd7f2c5\" data-element_type=\"container\" data-e-type=\"container\">\n\t\t\t\t\t<div class=\"e-con-inner\">\n\t\t\t\t<div class=\"elementor-element elementor-element-303ab04d sc_fly_static elementor-widget elementor-widget-shortcode\" data-id=\"303ab04d\" data-element_type=\"widget\" data-e-type=\"widget\" data-widget_type=\"shortcode.default\">\n\t\t\t\t<div class=\"elementor-widget-container\">\n\t\t\t\t\t\t\t<div class=\"elementor-shortcode\"><div class=\"woocommerce\"><div class=\"woocommerce-notices-wrapper\"><\/div>\n<form method=\"post\" class=\"woocommerce-ResetPassword lost_reset_password\">\n\n\t<p>Hast du dein Passwort vergessen? Bitte gib deinen Benutzernamen oder E-Mail-Adresse ein. Du erh\u00e4ltst einen Link per E-Mail, womit du dir ein neues Passwort erstellen kannst.<\/p>\n\t<p class=\"woocommerce-form-row woocommerce-form-row--first form-row form-row-first\">\n\t\t<label for=\"user_login\">Benutzername oder E-Mail&nbsp;<span class=\"required\" aria-hidden=\"true\">*<\/span><span class=\"screen-reader-text\">Erforderlich<\/span><\/label>\n\t\t<input class=\"woocommerce-Input woocommerce-Input--text input-text\" type=\"text\" name=\"user_login\" id=\"user_login\" autocomplete=\"username\" required aria-required=\"true\" \/>\n\t<\/p>\n\n\t<div class=\"clear\"><\/div>\n\n\t\n\t<p class=\"woocommerce-form-row form-row\">\n\t\t<input type=\"hidden\" name=\"wc_reset_password\" value=\"true\" \/>\n\t\t<button type=\"submit\" class=\"woocommerce-Button button\" value=\"Passwort zur\u00fccksetzen\">Passwort zur\u00fccksetzen<\/button>\n\t<\/p>\n\n\t<input type=\"hidden\" id=\"woocommerce-lost-password-nonce\" name=\"woocommerce-lost-password-nonce\" value=\"985680965f\" \/><input type=\"hidden\" name=\"_wp_http_referer\" value=\"\/de\/my-account\/lost-password\/\" \/>\n<\/form>\n<\/div><\/div>\n\t\t\t\t\t\t<\/div>\n\t\t\t\t<\/div>\n\t\t\t\t\t<\/div>\n\t\t\t\t<\/div>\n\t\t\t\t<\/div>\n\t\t","protected":false},"excerpt":{"rendered":"<p>ANWENDUNG ANMELDUNG ANWENDUNG Va\u0161 ra\u010dun je stvoren, molimo Vas da se prijavite. You are currently logged in as michelWP. Odjavite ANMELDUNG Korisni\u010dko ime ili email se ve\u0107 koriste. Ne\u0161to je&hellip;<\/p>\n","protected":false},"author":1,"featured_media":0,"parent":0,"menu_order":0,"comment_status":"closed","ping_status":"closed","template":"","meta":{"footnotes":""},"class_list":["post-23694","page","type-page","status-publish","hentry"],"yoast_head":"<!-- This site is optimized with the Yoast SEO plugin v23.8 - https:\/\/yoast.com\/wordpress\/plugins\/seo\/ -->\n<title>Mein Konto - FIT &amp; SIT BY PETRA<\/title>\n<meta name=\"robots\" content=\"noindex, nofollow\" \/>\n<meta property=\"og:locale\" content=\"de_DE\" \/>\n<meta property=\"og:type\" content=\"article\" \/>\n<meta property=\"og:title\" content=\"Mein Konto - FIT &amp; SIT BY PETRA\" \/>\n<meta property=\"og:description\" content=\"ANWENDUNG ANMELDUNG ANWENDUNG Va\u0161 ra\u010dun je stvoren, molimo Vas da se prijavite. You are currently logged in as michelWP. Odjavite ANMELDUNG Korisni\u010dko ime ili email se ve\u0107 koriste. Ne\u0161to je&hellip;\" \/>\n<meta property=\"og:url\" content=\"https:\/\/fitisitbypetra.hr\/de\/my-account\/\" \/>\n<meta property=\"og:site_name\" content=\"FIT &amp; SIT BY PETRA\" \/>\n<meta property=\"article:modified_time\" content=\"2024-10-24T14:40:35+00:00\" \/>\n<meta name=\"twitter:card\" content=\"summary_large_image\" \/>\n<meta name=\"twitter:label1\" content=\"Gesch\u00e4tzte Lesezeit\" \/>\n\t<meta name=\"twitter:data1\" content=\"1\u00a0Minute\" \/>\n<script type=\"application\/ld+json\" class=\"yoast-schema-graph\">{\"@context\":\"https:\/\/schema.org\",\"@graph\":[{\"@type\":\"WebPage\",\"@id\":\"https:\/\/fitisitbypetra.hr\/de\/my-account\/\",\"url\":\"https:\/\/fitisitbypetra.hr\/de\/my-account\/\",\"name\":\"Mein Konto - FIT &amp; SIT BY PETRA\",\"isPartOf\":{\"@id\":\"https:\/\/fitisitbypetra.hr\/#website\"},\"datePublished\":\"2022-06-13T15:59:20+00:00\",\"dateModified\":\"2024-10-24T14:40:35+00:00\",\"breadcrumb\":{\"@id\":\"https:\/\/fitisitbypetra.hr\/de\/my-account\/#breadcrumb\"},\"inLanguage\":\"de\",\"potentialAction\":[{\"@type\":\"ReadAction\",\"target\":[\"https:\/\/fitisitbypetra.hr\/de\/my-account\/\"]}]},{\"@type\":\"BreadcrumbList\",\"@id\":\"https:\/\/fitisitbypetra.hr\/de\/my-account\/#breadcrumb\",\"itemListElement\":[{\"@type\":\"ListItem\",\"position\":1,\"name\":\"Po\u010detna stranica\",\"item\":\"https:\/\/fitisitbypetra.hr\/de\/\"},{\"@type\":\"ListItem\",\"position\":2,\"name\":\"Mein Konto\"}]},{\"@type\":\"WebSite\",\"@id\":\"https:\/\/fitisitbypetra.hr\/#website\",\"url\":\"https:\/\/fitisitbypetra.hr\/\",\"name\":\"FIT &amp; SIT BY PETRA\",\"description\":\"\",\"publisher\":{\"@id\":\"https:\/\/fitisitbypetra.hr\/#organization\"},\"potentialAction\":[{\"@type\":\"SearchAction\",\"target\":{\"@type\":\"EntryPoint\",\"urlTemplate\":\"https:\/\/fitisitbypetra.hr\/?s={search_term_string}\"},\"query-input\":{\"@type\":\"PropertyValueSpecification\",\"valueRequired\":true,\"valueName\":\"search_term_string\"}}],\"inLanguage\":\"de\"},{\"@type\":\"Organization\",\"@id\":\"https:\/\/fitisitbypetra.hr\/#organization\",\"name\":\"FIT &amp; SIT BY PETRA\",\"url\":\"https:\/\/fitisitbypetra.hr\/\",\"logo\":{\"@type\":\"ImageObject\",\"inLanguage\":\"de\",\"@id\":\"https:\/\/fitisitbypetra.hr\/#\/schema\/logo\/image\/\",\"url\":\"https:\/\/fitisitbypetra.hr\/wp-content\/uploads\/2021\/01\/cropped-e0883bab2aad4f03f187fbfa23f73e228fe97508.png\",\"contentUrl\":\"https:\/\/fitisitbypetra.hr\/wp-content\/uploads\/2021\/01\/cropped-e0883bab2aad4f03f187fbfa23f73e228fe97508.png\",\"width\":246,\"height\":245,\"caption\":\"FIT &amp; SIT BY PETRA\"},\"image\":{\"@id\":\"https:\/\/fitisitbypetra.hr\/#\/schema\/logo\/image\/\"}}]}<\/script>\n<!-- \/ Yoast SEO plugin. -->","yoast_head_json":{"title":"Mein Konto - FIT &amp; SIT BY PETRA","robots":{"index":"noindex","follow":"nofollow"},"og_locale":"de_DE","og_type":"article","og_title":"Mein Konto - FIT &amp; SIT BY PETRA","og_description":"ANWENDUNG ANMELDUNG ANWENDUNG Va\u0161 ra\u010dun je stvoren, molimo Vas da se prijavite. You are currently logged in as michelWP. Odjavite ANMELDUNG Korisni\u010dko ime ili email se ve\u0107 koriste. Ne\u0161to je&hellip;","og_url":"https:\/\/fitisitbypetra.hr\/de\/my-account\/","og_site_name":"FIT &amp; SIT BY PETRA","article_modified_time":"2024-10-24T14:40:35+00:00","twitter_card":"summary_large_image","twitter_misc":{"Gesch\u00e4tzte Lesezeit":"1\u00a0Minute"},"schema":{"@context":"https:\/\/schema.org","@graph":[{"@type":"WebPage","@id":"https:\/\/fitisitbypetra.hr\/de\/my-account\/","url":"https:\/\/fitisitbypetra.hr\/de\/my-account\/","name":"Mein Konto - FIT &amp; SIT BY PETRA","isPartOf":{"@id":"https:\/\/fitisitbypetra.hr\/#website"},"datePublished":"2022-06-13T15:59:20+00:00","dateModified":"2024-10-24T14:40:35+00:00","breadcrumb":{"@id":"https:\/\/fitisitbypetra.hr\/de\/my-account\/#breadcrumb"},"inLanguage":"de","potentialAction":[{"@type":"ReadAction","target":["https:\/\/fitisitbypetra.hr\/de\/my-account\/"]}]},{"@type":"BreadcrumbList","@id":"https:\/\/fitisitbypetra.hr\/de\/my-account\/#breadcrumb","itemListElement":[{"@type":"ListItem","position":1,"name":"Po\u010detna stranica","item":"https:\/\/fitisitbypetra.hr\/de\/"},{"@type":"ListItem","position":2,"name":"Mein Konto"}]},{"@type":"WebSite","@id":"https:\/\/fitisitbypetra.hr\/#website","url":"https:\/\/fitisitbypetra.hr\/","name":"FIT &amp; SIT BY PETRA","description":"","publisher":{"@id":"https:\/\/fitisitbypetra.hr\/#organization"},"potentialAction":[{"@type":"SearchAction","target":{"@type":"EntryPoint","urlTemplate":"https:\/\/fitisitbypetra.hr\/?s={search_term_string}"},"query-input":{"@type":"PropertyValueSpecification","valueRequired":true,"valueName":"search_term_string"}}],"inLanguage":"de"},{"@type":"Organization","@id":"https:\/\/fitisitbypetra.hr\/#organization","name":"FIT &amp; SIT BY PETRA","url":"https:\/\/fitisitbypetra.hr\/","logo":{"@type":"ImageObject","inLanguage":"de","@id":"https:\/\/fitisitbypetra.hr\/#\/schema\/logo\/image\/","url":"https:\/\/fitisitbypetra.hr\/wp-content\/uploads\/2021\/01\/cropped-e0883bab2aad4f03f187fbfa23f73e228fe97508.png","contentUrl":"https:\/\/fitisitbypetra.hr\/wp-content\/uploads\/2021\/01\/cropped-e0883bab2aad4f03f187fbfa23f73e228fe97508.png","width":246,"height":245,"caption":"FIT &amp; SIT BY PETRA"},"image":{"@id":"https:\/\/fitisitbypetra.hr\/#\/schema\/logo\/image\/"}}]}},"_links":{"self":[{"href":"https:\/\/fitisitbypetra.hr\/de\/wp-json\/wp\/v2\/pages\/23694"}],"collection":[{"href":"https:\/\/fitisitbypetra.hr\/de\/wp-json\/wp\/v2\/pages"}],"about":[{"href":"https:\/\/fitisitbypetra.hr\/de\/wp-json\/wp\/v2\/types\/page"}],"author":[{"embeddable":true,"href":"https:\/\/fitisitbypetra.hr\/de\/wp-json\/wp\/v2\/users\/1"}],"replies":[{"embeddable":true,"href":"https:\/\/fitisitbypetra.hr\/de\/wp-json\/wp\/v2\/comments?post=23694"}],"version-history":[{"count":1,"href":"https:\/\/fitisitbypetra.hr\/de\/wp-json\/wp\/v2\/pages\/23694\/revisions"}],"predecessor-version":[{"id":27229,"href":"https:\/\/fitisitbypetra.hr\/de\/wp-json\/wp\/v2\/pages\/23694\/revisions\/27229"}],"wp:attachment":[{"href":"https:\/\/fitisitbypetra.hr\/de\/wp-json\/wp\/v2\/media?parent=23694"}],"curies":[{"name":"wp","href":"https:\/\/api.w.org\/{rel}","templated":true}]}}