{"id":23615,"date":"2024-02-27T14:36:30","date_gmt":"2024-02-27T14:36:30","guid":{"rendered":"http:\/\/fitisitbypetra.hr\/uvjeti-poslovanja\/"},"modified":"2024-10-24T14:39:49","modified_gmt":"2024-10-24T14:39:49","slug":"uvjeti-poslovanja","status":"publish","type":"page","link":"https:\/\/fitisitbypetra.hr\/de\/uvjeti-poslovanja\/","title":{"rendered":"Gesch\u00e4ftsbedingungen"},"content":{"rendered":"<p><strong>1. Daten zu FIT &amp; SIT BY PETRA Webshop<br \/>\n<\/strong>FIRMENNAME: Fit &amp; Sit by Petra, Unternehmen f\u00fcr Lehre, Ern\u00e4hrungsberatung und Sport, Inhaberin Petra Krakan Kre\u0161i\u0107<br \/>\nMBS: 98443747<br \/>\nOIB: 64445837695<br \/>\nSHOP-ADRESSE: \u0160trigovska 7 a, 10090 Zagreb<br \/>\nARBEITSZEITEN: 8.00\u201320.00 Uhr, Montag\u2013Freitag<br \/>\nTELEFONNUMMER: <a href=\"tel:+385953358474\">+385 95 335 8474<\/a><br \/>\nE-MAIL-ADRESSE: <a href=\"mailto:fisbypetra@gmail.com\">fisbypetra@gmail.com<\/a><\/p>\n<p><strong>2. Nutzungsbedingungen und Registrierung<\/strong><br \/>\nDienstleistungen FIT &amp; Sie k\u00f6nnen den SIT BY PETRA-Webshop nutzen, indem Sie die gew\u00fcnschten Produkte in den Warenkorb legen, die Zahlungsart ausw\u00e4hlen und die Zahlung <strong>als (nicht registrierter) Gastkunde<\/strong> FIT &amp; SIT BY PETRA Webshop.<\/p>\n<p>Kauf \u00fcber FIT &amp; Der Webshop von SIT BY PETRA ist ganz einfach: Sie m\u00fcssen den Schritten des Kaufvorgangs folgen. Nachdem Sie die Artikel ausgew\u00e4hlt haben, die Sie kaufen m\u00f6chten, m\u00fcssen Sie das Informationsformular ausf\u00fcllen, dann die Zahlungsmethode ausw\u00e4hlen, die Bestelldetails \u00fcberpr\u00fcfen und die Zahlung best\u00e4tigen.<\/p>\n<p><strong>Kaufen<\/strong><br \/>\nEinen Einkauf im FIT &amp; SIT BY PETRA Webshop k\u00f6nnen Sie wie folgt t\u00e4tigen: W\u00e4hlen Sie den gew\u00fcnschten Artikel aus. F\u00fcr weitere Informationen zum ausgew\u00e4hlten Artikel klicken Sie auf das Bild des Artikels. Wenn Sie auf \u201eZUM WARENKORB HINZUF\u00dcGEN\u201c klicken, wird der Artikel automatisch Ihrem Warenkorb hinzugef\u00fcgt. Anschlie\u00dfend k\u00f6nnen Sie ihn kaufen, indem Sie in Ihrem Warenkorb die Option \u201eKauf abschlie\u00dfen\u201c ausw\u00e4hlen.<\/p>\n<p>Im Warenkorb haben Sie eine \u00dcbersicht \u00fcber alle bisher von Ihnen ausgew\u00e4hlten Artikel sowie den Preis und die Menge. Sie k\u00f6nnen die Menge eines einzelnen Artikels \u00e4ndern, indem Sie im Feld \u201eMenge\u201c die gew\u00fcnschte Menge eingeben. Wenn Sie den Warenkorb leeren m\u00f6chten, klicken Sie rechts neben jedem Artikel im Warenkorb auf das Feld \u201eENTFERNEN\u201c.<\/p>\n<p>Wenn Sie die Auswahl der gew\u00fcnschten Artikel abgeschlossen und sich f\u00fcr den Kauf entschieden haben, w\u00e4hlen Sie im unteren Bereich \u201eKAUF ABSCHLIESSEN\u201c, um den Kauf abzuschlie\u00dfen. Geben Sie im n\u00e4chsten Schritt des Kaufs die Adresse ein, an die wir Ihnen die gekauften Produkte liefern sollen, und f\u00fcllen Sie die weiteren Pflichtfelder mit Informationen aus. Anschlie\u00dfend k\u00f6nnen Sie mit einem Klick auf \u201eZur Zahlung wechseln\u201c eine Zahlung ausw\u00e4hlen. Im Webshop von FIT &amp; SIT BY PETRA k\u00f6nnen Sie mit Ihrer Kredit- oder Debitkarte \u00fcber das burmesische CorvusPay-System bezahlen \u2013 Zahlung auf das Bankkonto des Unternehmens.<br \/>\nAlle Preise verstehen sich inklusive Mehrwertsteuer und werden in Euro (\u20ac) angegeben. Wenn Sie die Zahlungsoption CorvusPay-Karte gew\u00e4hlt haben, leiten wir Sie nach dem Klicken auf \u201eBestellung abschlie\u00dfen\u201c automatisch zur sicheren CorvusPay-Kartenzahlung weiter, um den Kauf abzuschlie\u00dfen. Geben Sie auf der sicheren CorvusPay-Seite die erforderlichen Informationen ein (Kartennummer, Ablaufdatum, CVV-Code und Informationen zum Karteninhaber). Wenn Sie auf \u201eZAHLEN\u201c klicken und den Kaufbetrag autorisieren, wird Ihr Kauf abgeschlossen und Sie sehen Ihre Bestellinformationen. Das CorvusPay-System sendet automatisch eine Bestellbenachrichtigung an Ihre E-Mail-Adresse. Sie erhalten au\u00dferdem eine Bestellbest\u00e4tigung vom FIT &amp; SIT BY PETRA-Webshop an Ihre E-Mail-Adresse.<\/p>\n<p><strong>Hinweis<\/strong>: Die Belastung Ihrer Karte mit dem angegebenen Betrag erfolgt im abschlie\u00dfenden Teil der Bestellabwicklung, dem die \u00dcberpr\u00fcfung der Daten und Bestellpositionen sowie die Ausstellung einer Rechnung durch FIT &amp; SIT BY PETRA vorausgehen. Anschlie\u00dfend wurde die Sendung dem Zustelldienst \u00fcbergeben. Zu Ihrem Schutz erlaubt das CorvusPay-System weder die Zahlung eines h\u00f6heren Betrags als den in der Bestellung best\u00e4tigten Betrag noch den Zugriff auf Ihre Kreditkartennummer. F\u00fcr die Administratoren des Webshops ist nur die Transaktionsnummer sichtbar, die zur Zahlung oder Stornierung einer Bestellung gesendet wird, die wir aus irgendeinem Grund nicht ausf\u00fchren k\u00f6nnen.<\/p>\n<p><strong>3. Zahlungsmethoden in FIT &amp; SIT BY PETRA Webshop:<\/strong><\/p>\n<ul>\n<li><strong>Einmalige Akzeptanz der Karten: <\/strong>MasterCard, Maestro, Visa, PBZ Card Premium Visa und Diners.<\/li>\n<li><strong style=\"font-size: 1rem;\">Burmesisch \u2013 Zahlung auf das Bankkonto des Unternehmens: <\/strong>Nachdem die Bestellung aufgegeben und Ihre Bestellung von unserem Webadministrator bearbeitet wurde, erhalten Sie eine E-Mail zur Best\u00e4tigung Ihrer Bestellung und Bankkontoinformationen von FIT &amp; SIT BY PETRA, an die Sie den Gesamtbetrag Ihrer Bestellung zahlen m\u00fcssen (der Gesamtbetrag f\u00fcr die Zahlung beinhaltet Steuern und m\u00f6gliche Lieferkosten). Die Zahlungsfrist betr\u00e4gt 2 Tage. Sobald der bezahlte Betrag auf dem Bankkonto des Unternehmens sichtbar ist, \u00fcbergeben wir Ihre Bestellung an den Lieferdienst IN TIME zur Lieferung an Ihre Adresse. Wenn Sie den Gesamtbetrag Ihrer Bestellung nicht innerhalb der angegebenen Frist bezahlen, stornieren wir Ihre Bestellung und sie wird nicht an Sie geliefert.<\/li>\n<\/ul>\n<p><strong>5. Sicherheit und Datenschutz<\/strong><\/p>\n<ul>\n<li><strong>Datenschutz<\/strong><br \/>\nUnsere ausf\u00fchrliche und aktuelle Datenschutzerkl\u00e4rung k\u00f6nnen Sie jederzeit hier lesen: Datenschutzerkl\u00e4rung &gt;. Autorisierter Vertreter der Marke FIT &amp; SIT BY PETRA in Kroatien und die Verarbeitungsleiterin ist Petra Krakan Kre\u0161i\u0107.<\/li>\n<li><strong style=\"font-size: 1rem;\">Sicherheit beim Bezahlen mit Kredit- oder Debitkarten: <\/strong>FIT &amp; SIT BY PETRA nutzt CorvusPay f\u00fcr die Autorisierung und Zahlung von Kredit- und Debitkarten \u2013 ein fortschrittliches System zur sicheren Akzeptanz von Zahlungskarten \u00fcber das Internet. Das CorvusPay-System gew\u00e4hrleistet die vollst\u00e4ndige Geheimhaltung Ihrer Karten- und pers\u00f6nlichen Daten ab dem Zeitpunkt, an dem Sie diese in das CorvusPay-Zahlungsformular eingeben. Zahlungsdaten werden von Ihrem Webbrowser verschl\u00fcsselt an die Bank \u00fcbertragen, die Ihre Karte ausgestellt hat. Unser Gesch\u00e4ft erh\u00e4lt niemals Zugriff auf vollst\u00e4ndige Informationen \u00fcber Ihre Zahlungskarte. Au\u00dferdem sind die Daten selbst f\u00fcr Mitarbeiter des CorvusPay-Systems nicht zug\u00e4nglich. Ein isolierter Kern \u00fcbertr\u00e4gt und verwaltet vertrauliche Daten unabh\u00e4ngig und sorgt so f\u00fcr absolute Sicherheit. Das Formular zur Eingabe der Zahlungsdaten ist mit einem SSL-Transportcode h\u00f6chster Zuverl\u00e4ssigkeit gesichert. Alle gespeicherten Daten werden zus\u00e4tzlich durch Verschl\u00fcsselung gesch\u00fctzt, wobei ein nach dem FIPS 140-2 Level 3-Standard zertifiziertes kryptografisches Ger\u00e4t zum Einsatz kommt. CorvusPay erf\u00fcllt alle von den f\u00fchrenden Kartenmarken vorgeschriebenen Anforderungen an die Sicherheit von Online-Zahlungen, d. h. es arbeitet gem\u00e4\u00df der Norm \u2013 PCI DSS Level 1 \u2013 dem h\u00f6chsten Sicherheitsstandard der Zahlungskartenbranche. Beim Bezahlen mit Karten des 3-D-Secure-Programms best\u00e4tigt Ihre Bank neben der G\u00fcltigkeit der Karte auch Ihre Identit\u00e4t mittels Token oder Passwort. Corvus Pay betrachtet alle erfassten Informationen vertraulich und behandelt sie entsprechend. Die Informationen werden ausschlie\u00dflich f\u00fcr die Zwecke verwendet, f\u00fcr die sie bestimmt sind. Ihre sensiblen Daten sind absolut sicher und ihre Vertraulichkeit wird durch modernste Schutzmechanismen gew\u00e4hrleistet. Gem\u00e4\u00df den vorgeschriebenen anspruchsvollen Verfahren zur Online-Zahlung werden nur die f\u00fcr die Leistungserbringung notwendigen Daten erhoben. Die auf unsere Infrastruktur angewendeten Sicherheitskontrollen und Betriebsverfahren gew\u00e4hrleisten die sofortige Zuverl\u00e4ssigkeit des CorvusPay-Systems. Dar\u00fcber hinaus gew\u00e4hrleisten sie durch eine strenge Zugangskontrolle, regelm\u00e4\u00dfige Sicherheits\u00fcberwachung und eingehende Kontrollen zur Vermeidung von Netzwerkschwachstellen sowie die geplante Umsetzung von Bestimmungen zur Informationssicherheit die dauerhafte Aufrechterhaltung und Verbesserung des Systemsicherheitsniveaus durch den Schutz Ihrer Kartendaten. Mitarbeiter von FIT &amp; Der SIT BY PETRA-Onlineshop hat zu keinem Zeitpunkt Zugriff auf Ihre Kredit- oder Debitkartennummer. Ihnen steht nur die autorisierte Transaktionsnummer zur Verf\u00fcgung. Sie haben die Befugnis, die Transaktion ganz oder teilweise abzubuchen oder die Transaktion zu stornieren. Alle im Shop angezeigten Preise FIT &amp; SIT BY PETRA verstehen sich inklusive Mehrwertsteuer und werden in Euro (\u20ac) angegeben. Auf dem CorvusPay-Zahlungsformular und der Benachrichtigung \u00fcber reservierte\/abgebuchte Geldbetr\u00e4ge, die Sie im Falle einer Kartenzahlung vom CorvusPay-System erhalten, wird jedoch nur die tats\u00e4chlich berechnete W\u00e4hrung angezeigt.<\/li>\n<\/ul>\n<p><strong>6. R\u00fcckgabe und Umtausch gekaufter Produkte<\/strong><\/p>\n<ul>\n<li><strong>Hinweise zur einseitigen Vertragsk\u00fcndigung:<\/strong>Sie k\u00f6nnen den Vertrag einfach innerhalb von 14 Tagen ohne Angabe von Gr\u00fcnden k\u00fcndigen. Um das Recht auf einseitige K\u00fcndigung dieses Vertrages aus\u00fcben zu k\u00f6nnen, m\u00fcssen Sie uns Ihre Entscheidung, den Vertrag einseitig zu k\u00fcndigen, vor Ablauf der Laufzeit durch eine eindeutige Erkl\u00e4rung per Post an die Adresse Ulica Ivana \u0160ibla 10, 10000 Zagreb mitteilen , telefonisch unter den Nummern\u00a0<a href=\"tel: 0038598695699\">+385 98 695 699<\/a>\u00a0oder\u00a0<a href=\"tel:00385916177524\">+385 91 617 7524<\/a> oder per E-Mail an fisbypetra @gmail.com, in dem Sie Ihren Vor- und Nachnamen, Ihre Adresse, Telefonnummer und E-Mail-Adresse angeben. Eine Best\u00e4tigung \u00fcber den Eingang des Formulars zur einseitigen Vertragsbeendigung senden wir Ihnen unverz\u00fcglich per E-Mail zu.<\/li>\n<li><strong>Die Frist zur einseitigen K\u00fcndigung betr\u00e4gt 14 Tage<\/strong> ab dem Tag der \u00dcbergabe der vertragsgegenst\u00e4ndlichen Waren an Sie oder einen von Ihnen benannten Dritten.<\/li>\n<li><strong style=\"font-size: 1rem;\">R\u00fcckerstattung des gezahlten Betrags: <\/strong>Wenn Sie diese Vereinbarung einseitig k\u00fcndigen, erstatten wir Ihnen das von Ihnen erhaltene Geld, einschlie\u00dflich der Versandkosten, unverz\u00fcglich zur\u00fcck. und sp\u00e4testens innerhalb von 14 Tagen ab dem Tag, an dem wir Ihre Entscheidung erhalten haben, den Vertrag einseitig zu k\u00fcndigen, es sei denn, Sie haben eine andere Versandart gew\u00e4hlt, die nicht die g\u00fcnstigste von uns angebotene Standardlieferung ist. Die R\u00fcckerstattung erfolgt auf dem gleichen Weg, auf dem Sie die Zahlung get\u00e4tigt haben. Eine R\u00fcckerstattung k\u00f6nnen wir erst leisten, nachdem die Ware an uns zur\u00fcckgesandt wurde.<\/li>\n<li><strong>Warenr\u00fcckgabe:<\/strong> Versenden Sie die Ware unverz\u00fcglich und in jedem Fall sp\u00e4testens 14 Tage nach dem Tag, an dem Sie uns Ihre Entscheidung zur einseitigen Vertragsaufl\u00f6sung mitgeteilt haben.<\/li>\n<\/ul>\n<p>&nbsp;<\/p>\n","protected":false},"excerpt":{"rendered":"<p>1. Daten zu FIT &amp; SIT BY PETRA Webshop FIRMENNAME: Fit &amp; Sit by Petra, Unternehmen f\u00fcr Lehre, Ern\u00e4hrungsberatung und Sport, Inhaberin Petra Krakan Kre\u0161i\u0107 MBS: 98443747 OIB: 64445837695 SHOP-ADRESSE:&hellip;<\/p>\n","protected":false},"author":1,"featured_media":0,"parent":0,"menu_order":0,"comment_status":"closed","ping_status":"closed","template":"","meta":{"footnotes":""},"class_list":["post-23615","page","type-page","status-publish","hentry"],"yoast_head":"<!-- This site is optimized with the Yoast SEO plugin v23.8 - https:\/\/yoast.com\/wordpress\/plugins\/seo\/ -->\n<title>Gesch\u00e4ftsbedingungen - FIT &amp; SIT BY PETRA<\/title>\n<meta name=\"robots\" content=\"noindex, nofollow\" \/>\n<meta property=\"og:locale\" content=\"de_DE\" \/>\n<meta property=\"og:type\" content=\"article\" \/>\n<meta property=\"og:title\" content=\"Gesch\u00e4ftsbedingungen - FIT &amp; SIT BY PETRA\" \/>\n<meta property=\"og:description\" content=\"1. Daten zu FIT &amp; SIT BY PETRA Webshop FIRMENNAME: Fit &amp; Sit by Petra, Unternehmen f\u00fcr Lehre, Ern\u00e4hrungsberatung und Sport, Inhaberin Petra Krakan Kre\u0161i\u0107 MBS: 98443747 OIB: 64445837695 SHOP-ADRESSE:&hellip;\" \/>\n<meta property=\"og:url\" content=\"https:\/\/fitisitbypetra.hr\/de\/uvjeti-poslovanja\/\" \/>\n<meta property=\"og:site_name\" content=\"FIT &amp; SIT BY PETRA\" \/>\n<meta property=\"article:modified_time\" content=\"2024-10-24T14:39:49+00:00\" \/>\n<meta name=\"twitter:card\" content=\"summary_large_image\" \/>\n<meta name=\"twitter:label1\" content=\"Gesch\u00e4tzte Lesezeit\" \/>\n\t<meta name=\"twitter:data1\" content=\"8\u00a0Minuten\" \/>\n<script type=\"application\/ld+json\" class=\"yoast-schema-graph\">{\"@context\":\"https:\/\/schema.org\",\"@graph\":[{\"@type\":\"WebPage\",\"@id\":\"https:\/\/fitisitbypetra.hr\/de\/uvjeti-poslovanja\/\",\"url\":\"https:\/\/fitisitbypetra.hr\/de\/uvjeti-poslovanja\/\",\"name\":\"Gesch\u00e4ftsbedingungen - FIT &amp; SIT BY PETRA\",\"isPartOf\":{\"@id\":\"https:\/\/fitisitbypetra.hr\/#website\"},\"datePublished\":\"2024-02-27T14:36:30+00:00\",\"dateModified\":\"2024-10-24T14:39:49+00:00\",\"breadcrumb\":{\"@id\":\"https:\/\/fitisitbypetra.hr\/de\/uvjeti-poslovanja\/#breadcrumb\"},\"inLanguage\":\"de\",\"potentialAction\":[{\"@type\":\"ReadAction\",\"target\":[\"https:\/\/fitisitbypetra.hr\/de\/uvjeti-poslovanja\/\"]}]},{\"@type\":\"BreadcrumbList\",\"@id\":\"https:\/\/fitisitbypetra.hr\/de\/uvjeti-poslovanja\/#breadcrumb\",\"itemListElement\":[{\"@type\":\"ListItem\",\"position\":1,\"name\":\"Po\u010detna stranica\",\"item\":\"https:\/\/fitisitbypetra.hr\/de\/\"},{\"@type\":\"ListItem\",\"position\":2,\"name\":\"Gesch\u00e4ftsbedingungen\"}]},{\"@type\":\"WebSite\",\"@id\":\"https:\/\/fitisitbypetra.hr\/#website\",\"url\":\"https:\/\/fitisitbypetra.hr\/\",\"name\":\"FIT &amp; SIT BY PETRA\",\"description\":\"\",\"publisher\":{\"@id\":\"https:\/\/fitisitbypetra.hr\/#organization\"},\"potentialAction\":[{\"@type\":\"SearchAction\",\"target\":{\"@type\":\"EntryPoint\",\"urlTemplate\":\"https:\/\/fitisitbypetra.hr\/?s={search_term_string}\"},\"query-input\":{\"@type\":\"PropertyValueSpecification\",\"valueRequired\":true,\"valueName\":\"search_term_string\"}}],\"inLanguage\":\"de\"},{\"@type\":\"Organization\",\"@id\":\"https:\/\/fitisitbypetra.hr\/#organization\",\"name\":\"FIT &amp; SIT BY PETRA\",\"url\":\"https:\/\/fitisitbypetra.hr\/\",\"logo\":{\"@type\":\"ImageObject\",\"inLanguage\":\"de\",\"@id\":\"https:\/\/fitisitbypetra.hr\/#\/schema\/logo\/image\/\",\"url\":\"https:\/\/fitisitbypetra.hr\/wp-content\/uploads\/2021\/01\/cropped-e0883bab2aad4f03f187fbfa23f73e228fe97508.png\",\"contentUrl\":\"https:\/\/fitisitbypetra.hr\/wp-content\/uploads\/2021\/01\/cropped-e0883bab2aad4f03f187fbfa23f73e228fe97508.png\",\"width\":246,\"height\":245,\"caption\":\"FIT &amp; SIT BY PETRA\"},\"image\":{\"@id\":\"https:\/\/fitisitbypetra.hr\/#\/schema\/logo\/image\/\"}}]}<\/script>\n<!-- \/ Yoast SEO plugin. -->","yoast_head_json":{"title":"Gesch\u00e4ftsbedingungen - FIT &amp; SIT BY PETRA","robots":{"index":"noindex","follow":"nofollow"},"og_locale":"de_DE","og_type":"article","og_title":"Gesch\u00e4ftsbedingungen - FIT &amp; SIT BY PETRA","og_description":"1. Daten zu FIT &amp; SIT BY PETRA Webshop FIRMENNAME: Fit &amp; Sit by Petra, Unternehmen f\u00fcr Lehre, Ern\u00e4hrungsberatung und Sport, Inhaberin Petra Krakan Kre\u0161i\u0107 MBS: 98443747 OIB: 64445837695 SHOP-ADRESSE:&hellip;","og_url":"https:\/\/fitisitbypetra.hr\/de\/uvjeti-poslovanja\/","og_site_name":"FIT &amp; SIT BY PETRA","article_modified_time":"2024-10-24T14:39:49+00:00","twitter_card":"summary_large_image","twitter_misc":{"Gesch\u00e4tzte Lesezeit":"8\u00a0Minuten"},"schema":{"@context":"https:\/\/schema.org","@graph":[{"@type":"WebPage","@id":"https:\/\/fitisitbypetra.hr\/de\/uvjeti-poslovanja\/","url":"https:\/\/fitisitbypetra.hr\/de\/uvjeti-poslovanja\/","name":"Gesch\u00e4ftsbedingungen - FIT &amp; SIT BY PETRA","isPartOf":{"@id":"https:\/\/fitisitbypetra.hr\/#website"},"datePublished":"2024-02-27T14:36:30+00:00","dateModified":"2024-10-24T14:39:49+00:00","breadcrumb":{"@id":"https:\/\/fitisitbypetra.hr\/de\/uvjeti-poslovanja\/#breadcrumb"},"inLanguage":"de","potentialAction":[{"@type":"ReadAction","target":["https:\/\/fitisitbypetra.hr\/de\/uvjeti-poslovanja\/"]}]},{"@type":"BreadcrumbList","@id":"https:\/\/fitisitbypetra.hr\/de\/uvjeti-poslovanja\/#breadcrumb","itemListElement":[{"@type":"ListItem","position":1,"name":"Po\u010detna stranica","item":"https:\/\/fitisitbypetra.hr\/de\/"},{"@type":"ListItem","position":2,"name":"Gesch\u00e4ftsbedingungen"}]},{"@type":"WebSite","@id":"https:\/\/fitisitbypetra.hr\/#website","url":"https:\/\/fitisitbypetra.hr\/","name":"FIT &amp; SIT BY PETRA","description":"","publisher":{"@id":"https:\/\/fitisitbypetra.hr\/#organization"},"potentialAction":[{"@type":"SearchAction","target":{"@type":"EntryPoint","urlTemplate":"https:\/\/fitisitbypetra.hr\/?s={search_term_string}"},"query-input":{"@type":"PropertyValueSpecification","valueRequired":true,"valueName":"search_term_string"}}],"inLanguage":"de"},{"@type":"Organization","@id":"https:\/\/fitisitbypetra.hr\/#organization","name":"FIT &amp; SIT BY PETRA","url":"https:\/\/fitisitbypetra.hr\/","logo":{"@type":"ImageObject","inLanguage":"de","@id":"https:\/\/fitisitbypetra.hr\/#\/schema\/logo\/image\/","url":"https:\/\/fitisitbypetra.hr\/wp-content\/uploads\/2021\/01\/cropped-e0883bab2aad4f03f187fbfa23f73e228fe97508.png","contentUrl":"https:\/\/fitisitbypetra.hr\/wp-content\/uploads\/2021\/01\/cropped-e0883bab2aad4f03f187fbfa23f73e228fe97508.png","width":246,"height":245,"caption":"FIT &amp; SIT BY PETRA"},"image":{"@id":"https:\/\/fitisitbypetra.hr\/#\/schema\/logo\/image\/"}}]}},"_links":{"self":[{"href":"https:\/\/fitisitbypetra.hr\/de\/wp-json\/wp\/v2\/pages\/23615"}],"collection":[{"href":"https:\/\/fitisitbypetra.hr\/de\/wp-json\/wp\/v2\/pages"}],"about":[{"href":"https:\/\/fitisitbypetra.hr\/de\/wp-json\/wp\/v2\/types\/page"}],"author":[{"embeddable":true,"href":"https:\/\/fitisitbypetra.hr\/de\/wp-json\/wp\/v2\/users\/1"}],"replies":[{"embeddable":true,"href":"https:\/\/fitisitbypetra.hr\/de\/wp-json\/wp\/v2\/comments?post=23615"}],"version-history":[{"count":2,"href":"https:\/\/fitisitbypetra.hr\/de\/wp-json\/wp\/v2\/pages\/23615\/revisions"}],"predecessor-version":[{"id":27226,"href":"https:\/\/fitisitbypetra.hr\/de\/wp-json\/wp\/v2\/pages\/23615\/revisions\/27226"}],"wp:attachment":[{"href":"https:\/\/fitisitbypetra.hr\/de\/wp-json\/wp\/v2\/media?parent=23615"}],"curies":[{"name":"wp","href":"https:\/\/api.w.org\/{rel}","templated":true}]}}